{"id":76,"date":"2023-07-10T16:13:28","date_gmt":"2023-07-10T16:13:28","guid":{"rendered":"https:\/\/gyongyhaznyaralo.com\/?page_id=76"},"modified":"2023-07-10T16:13:29","modified_gmt":"2023-07-10T16:13:29","slug":"szobak","status":"publish","type":"page","link":"https:\/\/gyongyhaznyaralo.com\/index.php\/szobak\/","title":{"rendered":"Szob\u00e1k"},"content":{"rendered":"","protected":false},"excerpt":{"rendered":"","protected":false},"author":1,"featured_media":0,"parent":0,"menu_order":0,"comment_status":"closed","ping_status":"closed","template":"","meta":{"footnotes":""},"class_list":["post-76","page","type-page","status-publish","hentry"],"yoast_head":"<!-- This site is optimized with the Yoast SEO plugin v22.8 - https:\/\/yoast.com\/wordpress\/plugins\/seo\/ -->\n<title>Szob\u00e1k - Gy\u00f6ngyh\u00e1z nyaral\u00f3 Gyomaendr\u0151d<\/title>\n<meta name=\"robots\" content=\"index, follow, max-snippet:-1, max-image-preview:large, max-video-preview:-1\" \/>\n<link rel=\"canonical\" href=\"https:\/\/gyongyhaznyaralo.com\/index.php\/szobak\/\" \/>\n<meta property=\"og:locale\" content=\"hu_HU\" \/>\n<meta property=\"og:type\" content=\"article\" \/>\n<meta property=\"og:title\" content=\"Szob\u00e1k - Gy\u00f6ngyh\u00e1z nyaral\u00f3 Gyomaendr\u0151d\" \/>\n<meta property=\"og:url\" content=\"https:\/\/gyongyhaznyaralo.com\/index.php\/szobak\/\" \/>\n<meta property=\"og:site_name\" content=\"Gy\u00f6ngyh\u00e1z nyaral\u00f3 Gyomaendr\u0151d\" \/>\n<meta property=\"article:modified_time\" content=\"2023-07-10T16:13:29+00:00\" \/>\n<meta name=\"twitter:card\" content=\"summary_large_image\" \/>\n<script type=\"application\/ld+json\" class=\"yoast-schema-graph\">{\"@context\":\"https:\/\/schema.org\",\"@graph\":[{\"@type\":\"WebPage\",\"@id\":\"https:\/\/gyongyhaznyaralo.com\/index.php\/szobak\/\",\"url\":\"https:\/\/gyongyhaznyaralo.com\/index.php\/szobak\/\",\"name\":\"Szob\u00e1k - Gy\u00f6ngyh\u00e1z nyaral\u00f3 Gyomaendr\u0151d\",\"isPartOf\":{\"@id\":\"https:\/\/gyongyhaznyaralo.com\/#website\"},\"datePublished\":\"2023-07-10T16:13:28+00:00\",\"dateModified\":\"2023-07-10T16:13:29+00:00\",\"breadcrumb\":{\"@id\":\"https:\/\/gyongyhaznyaralo.com\/index.php\/szobak\/#breadcrumb\"},\"inLanguage\":\"hu\",\"potentialAction\":[{\"@type\":\"ReadAction\",\"target\":[\"https:\/\/gyongyhaznyaralo.com\/index.php\/szobak\/\"]}]},{\"@type\":\"BreadcrumbList\",\"@id\":\"https:\/\/gyongyhaznyaralo.com\/index.php\/szobak\/#breadcrumb\",\"itemListElement\":[{\"@type\":\"ListItem\",\"position\":1,\"name\":\"Kezd\u0151lap\",\"item\":\"https:\/\/gyongyhaznyaralo.com\/\"},{\"@type\":\"ListItem\",\"position\":2,\"name\":\"Szob\u00e1k\"}]},{\"@type\":\"WebSite\",\"@id\":\"https:\/\/gyongyhaznyaralo.com\/#website\",\"url\":\"https:\/\/gyongyhaznyaralo.com\/\",\"name\":\"Gy\u00f6ngyh\u00e1z nyaral\u00f3 Gyomaendr\u0151d\",\"description\":\"\",\"potentialAction\":[{\"@type\":\"SearchAction\",\"target\":{\"@type\":\"EntryPoint\",\"urlTemplate\":\"https:\/\/gyongyhaznyaralo.com\/?s={search_term_string}\"},\"query-input\":\"required name=search_term_string\"}],\"inLanguage\":\"hu\"}]}<\/script>\n<!-- \/ Yoast SEO plugin. -->","yoast_head_json":{"title":"Szob\u00e1k - Gy\u00f6ngyh\u00e1z nyaral\u00f3 Gyomaendr\u0151d","robots":{"index":"index","follow":"follow","max-snippet":"max-snippet:-1","max-image-preview":"max-image-preview:large","max-video-preview":"max-video-preview:-1"},"canonical":"https:\/\/gyongyhaznyaralo.com\/index.php\/szobak\/","og_locale":"hu_HU","og_type":"article","og_title":"Szob\u00e1k - Gy\u00f6ngyh\u00e1z nyaral\u00f3 Gyomaendr\u0151d","og_url":"https:\/\/gyongyhaznyaralo.com\/index.php\/szobak\/","og_site_name":"Gy\u00f6ngyh\u00e1z nyaral\u00f3 Gyomaendr\u0151d","article_modified_time":"2023-07-10T16:13:29+00:00","twitter_card":"summary_large_image","schema":{"@context":"https:\/\/schema.org","@graph":[{"@type":"WebPage","@id":"https:\/\/gyongyhaznyaralo.com\/index.php\/szobak\/","url":"https:\/\/gyongyhaznyaralo.com\/index.php\/szobak\/","name":"Szob\u00e1k - Gy\u00f6ngyh\u00e1z nyaral\u00f3 Gyomaendr\u0151d","isPartOf":{"@id":"https:\/\/gyongyhaznyaralo.com\/#website"},"datePublished":"2023-07-10T16:13:28+00:00","dateModified":"2023-07-10T16:13:29+00:00","breadcrumb":{"@id":"https:\/\/gyongyhaznyaralo.com\/index.php\/szobak\/#breadcrumb"},"inLanguage":"hu","potentialAction":[{"@type":"ReadAction","target":["https:\/\/gyongyhaznyaralo.com\/index.php\/szobak\/"]}]},{"@type":"BreadcrumbList","@id":"https:\/\/gyongyhaznyaralo.com\/index.php\/szobak\/#breadcrumb","itemListElement":[{"@type":"ListItem","position":1,"name":"Kezd\u0151lap","item":"https:\/\/gyongyhaznyaralo.com\/"},{"@type":"ListItem","position":2,"name":"Szob\u00e1k"}]},{"@type":"WebSite","@id":"https:\/\/gyongyhaznyaralo.com\/#website","url":"https:\/\/gyongyhaznyaralo.com\/","name":"Gy\u00f6ngyh\u00e1z nyaral\u00f3 Gyomaendr\u0151d","description":"","potentialAction":[{"@type":"SearchAction","target":{"@type":"EntryPoint","urlTemplate":"https:\/\/gyongyhaznyaralo.com\/?s={search_term_string}"},"query-input":"required name=search_term_string"}],"inLanguage":"hu"}]}},"_links":{"self":[{"href":"https:\/\/gyongyhaznyaralo.com\/index.php\/wp-json\/wp\/v2\/pages\/76","targetHints":{"allow":["GET"]}}],"collection":[{"href":"https:\/\/gyongyhaznyaralo.com\/index.php\/wp-json\/wp\/v2\/pages"}],"about":[{"href":"https:\/\/gyongyhaznyaralo.com\/index.php\/wp-json\/wp\/v2\/types\/page"}],"author":[{"embeddable":true,"href":"https:\/\/gyongyhaznyaralo.com\/index.php\/wp-json\/wp\/v2\/users\/1"}],"replies":[{"embeddable":true,"href":"https:\/\/gyongyhaznyaralo.com\/index.php\/wp-json\/wp\/v2\/comments?post=76"}],"version-history":[{"count":1,"href":"https:\/\/gyongyhaznyaralo.com\/index.php\/wp-json\/wp\/v2\/pages\/76\/revisions"}],"predecessor-version":[{"id":77,"href":"https:\/\/gyongyhaznyaralo.com\/index.php\/wp-json\/wp\/v2\/pages\/76\/revisions\/77"}],"wp:attachment":[{"href":"https:\/\/gyongyhaznyaralo.com\/index.php\/wp-json\/wp\/v2\/media?parent=76"}],"curies":[{"name":"wp","href":"https:\/\/api.w.org\/{rel}","templated":true}]}}